{"id":2,"date":"2019-07-29T14:16:31","date_gmt":"2019-07-29T13:16:31","guid":{"rendered":"http:\/\/ucd.emarkable.ie\/?page_id=2"},"modified":"2021-09-14T21:59:06","modified_gmt":"2021-09-14T20:59:06","slug":"home-2020","status":"publish","type":"page","link":"https:\/\/alumni.ucd.ie\/magazine\/home-2020\/","title":{"rendered":"Home 2020"},"content":{"rendered":"<div class=\"wpb-content-wrapper\"><p>[vc_row equal_height=&#8221;yes&#8221; css=&#8221;.vc_custom_1567630537217{margin-bottom: 30px !important;border-bottom-width: 1px !important;padding-bottom: 30px !important;border-bottom-color: #dfdfdf !important;border-bottom-style: solid !important;}&#8221;][vc_column width=&#8221;1\/4&#8243; el_class=&#8221;small-screen-center small-flex-order-2 mobile-padding-top&#8221; css=&#8221;.vc_custom_1567718709045{padding-top: 0px !important;}&#8221;][vc_column_text css=&#8221;.vc_custom_1565690103519{margin-bottom: 14px !important;}&#8221;]<\/p>\n<h2 class=\"no-margin\">Featured<\/h2>\n<p>[\/vc_column_text]\r\n\t\t<div class=\"ucd_featured\">\r\n\t\t\t<a href=\"\/magazine\/class-acts\/2020\/\" ><figure><img loading=\"lazy\" decoding=\"async\" src=\"https:\/\/alumni.ucd.ie\/magazine\/wp-content\/loading.gif\" class=\"lazy\" data-src=\"https:\/\/alumni.ucd.ie\/magazine\/wp-content\/uploads\/2020\/09\/ClassActs-262x165.jpg\" width=\"278\" height=\"175\"\/><\/figure><\/a>\r\n\t\t\t<h3 class=\"color-red\"><a href=\"\/magazine\/class-acts\/2020\/\" class=\"color-red\" >Class Acts<\/a><\/h3>\r\n\r\n\t\t\t<div class=\"ucd_featured_content\">Reflecting the value of a UCD education, alumni are making a difference in their chosen fields.<\/div>\r\n\t\t<\/div>\r\n\t\t\r\n\t\t<div class=\"ucd_featured\">\r\n\t\t\t<a href=\"https:\/\/alumni.ucd.ie\/magazine\/2020\/ucd-alumni-awards-2020\/\" target=\"_blank\"><figure><img loading=\"lazy\" decoding=\"async\" src=\"https:\/\/alumni.ucd.ie\/magazine\/wp-content\/loading.gif\" class=\"lazy\" data-src=\"https:\/\/alumni.ucd.ie\/magazine\/wp-content\/uploads\/2020\/09\/Awards2020-262x165.jpg\" width=\"278\" height=\"175\"\/><\/figure><\/a>\r\n\t\t\t<h3 class=\"color-yellow\"><a href=\"https:\/\/alumni.ucd.ie\/magazine\/2020\/ucd-alumni-awards-2020\/\" class=\"color-yellow\" target=\"_blank\">UCD Alumni Awards<\/a><\/h3>\r\n\r\n\t\t\t<div class=\"ucd_featured_content\">The UCD Alumni Awards proudly celebrates the outstanding achievements of our global alumni who have made an exceptional contribution to society.<\/div>\r\n\t\t<\/div>\r\n\t\t[\/vc_column][vc_column width=&#8221;1\/2&#8243; el_class=&#8221;lg-middle-borders small-flex-order-1&#8243; css=&#8221;.vc_custom_1567718697692{padding-top: 0px !important;}&#8221;]<div id=\"ucd-latest-articles\" class=\"ucd-latest-article ucd-slider\">\r\n\t\t\t<div class=\"slider-item\">\r\n\t\t\t\t<figure class=\"no-shadow\"><a href=\"https:\/\/alumni.ucd.ie\/magazine\/2025\/campus-news-sustainability\/\" class=\"ucd-latest-article-item\"><img loading=\"lazy\" decoding=\"async\" src=\"https:\/\/alumni.ucd.ie\/magazine\/wp-content\/uploads\/2025\/08\/beyond-the-life-cycle.jpg\" width=\"550\" height=\"360\" \/><\/a><\/figure>\r\n\t\t\t\t<h1>\r\n\t\t\t\t\t<a href=\"https:\/\/alumni.ucd.ie\/magazine\/2025\/campus-news-sustainability\/\" class=\"ucd-latest-article-item color-default\">Campus News \u2013 Sustainability<\/a>\r\n\t\t\t\t<\/h1>\r\n\t\t\t\t\r\n\t\t\t\t\r\n\t\t\t\t\r\n\t\t\t\t\r\n\t\t\t\t<div class=\"post-content\">UCD is a \u2018Living Lab\u2019 for Sustainability UCD is on a path to net-zero carbon emissions by 2040. The University has reached its interim targets and is informing wider climate mitigation and adaptation actions. Sustainability is a core value of UCD\u2019s diverse community of staff, students and alumni. Together, we are committed to achieving environmental, societal, cultural, economic and governance goals for sustainability. The UCD Sustainability Plan to 2030 is a new, action-oriented roadmap for how the University will maximise&hellip;<\/div>\r\n\t\t\t\t\r\n\t\t\t<\/div>\r\n\t\t\t\r\n\t\t\t<div class=\"slider-item\">\r\n\t\t\t\t<figure class=\"no-shadow\"><a href=\"https:\/\/alumni.ucd.ie\/magazine\/2025\/a-letter-from-ucds-president-2025\/\" class=\"ucd-latest-article-item\"><img loading=\"lazy\" decoding=\"async\" src=\"https:\/\/alumni.ucd.ie\/magazine\/wp-content\/uploads\/2025\/08\/Orla-Feely-UCD-President-1b.jpg\" width=\"550\" height=\"360\" \/><\/a><\/figure>\r\n\t\t\t\t<h1>\r\n\t\t\t\t\t<a href=\"https:\/\/alumni.ucd.ie\/magazine\/2025\/a-letter-from-ucds-president-2025\/\" class=\"ucd-latest-article-item color-default\">A letter from UCD president, Professor Orla Feely<\/a>\r\n\t\t\t\t<\/h1>\r\n\t\t\t\t\r\n\t\t\t\t\r\n\t\t\t\t\r\n\t\t\t\t\r\n\t\t\t\t<div class=\"post-content\">UCD President, Professor Orla Feely. Last November we launched the UCD strategy to 2030, Breaking Boundaries, to mobilise the great ambition and potential within our university community to respond to the challenges and opportunities of a rapidly changing world. This strategy sets out the ambitious path University College Dublin will follow over the next five years. Under the strategy, UCD will break the boundaries of existing knowledge through our cutting-edge research, scholarship and innovation, and will advance with ambition our&hellip;<\/div>\r\n\t\t\t\t\r\n\t\t\t<\/div>\r\n\t\t\t\r\n\t\t\t<div class=\"slider-item\">\r\n\t\t\t\t<figure class=\"no-shadow\"><a href=\"https:\/\/alumni.ucd.ie\/magazine\/2025\/colaiste-na-neolaiochtai-soisialta-agus-an-dli-college-of-social-sciences-and-law\/\" class=\"ucd-latest-article-item\"><img loading=\"lazy\" decoding=\"async\" src=\"https:\/\/alumni.ucd.ie\/magazine\/wp-content\/uploads\/2025\/08\/Professor-Niamh-Moore-Cherry.jpg\" width=\"550\" height=\"360\" \/><\/a><\/figure>\r\n\t\t\t\t<h1>\r\n\t\t\t\t\t<a href=\"https:\/\/alumni.ucd.ie\/magazine\/2025\/colaiste-na-neolaiochtai-soisialta-agus-an-dli-college-of-social-sciences-and-law\/\" class=\"ucd-latest-article-item color-default\"><i>COL\u00c1ISTE NA nEOLA\u00cdOCHTA\u00cd S\u00d3ISIALTA AGUS AN DL\u00cd \/<\/i> College of Social Sciences and Law<\/a>\r\n\t\t\t\t<\/h1>\r\n\t\t\t\t\r\n\t\t\t\t\r\n\t\t\t\t\r\n\t\t\t\t\r\n\t\t\t\t<div class=\"post-content\">UCD College of Social Sciences and Law continues to excel as a university leader in education, research and engagement. This was demonstrated in the 2025 published rankings, where the College was ranked in the 125-150 category in the Times Higher Education Subject Rankings and had four top 100 subjects listed in the QS rankings. We are immensely proud of the contributions of our alumni community, who are integral to changing and influencing our society for good. In December 2024, UCD&hellip;<\/div>\r\n\t\t\t\t\r\n\t\t\t<\/div>\r\n\t\t\t\r\n\t\t\t<div class=\"slider-item\">\r\n\t\t\t\t<figure class=\"no-shadow\"><a href=\"https:\/\/alumni.ucd.ie\/magazine\/2025\/colaiste-na-heolaiochta-college-of-science\/\" class=\"ucd-latest-article-item\"><img loading=\"lazy\" decoding=\"async\" src=\"https:\/\/alumni.ucd.ie\/magazine\/wp-content\/uploads\/2024\/08\/Jeremy-Simpson.jpg\" width=\"550\" height=\"360\" \/><\/a><\/figure>\r\n\t\t\t\t<h1>\r\n\t\t\t\t\t<a href=\"https:\/\/alumni.ucd.ie\/magazine\/2025\/colaiste-na-heolaiochta-college-of-science\/\" class=\"ucd-latest-article-item color-default\"><i>COL\u00c1ISTE NA hEOLA\u00cdOCHTA \/<\/i> College of Science<\/a>\r\n\t\t\t\t<\/h1>\r\n\t\t\t\t\r\n\t\t\t\t<div class=\"motivational-line \">College Highlights<\/div>\r\n\t\t\t\t\r\n\t\t\t\t\r\n\t\t\t\t<div class=\"post-content\">It has been another incredible year of activities and achievements across the College of Science. Our students continue to excel both inside and outside the classroom. From a Royal Irish Academy Award to competing at the Olympics, their accomplishments are a testament to their talent and the dedication of faculty and staff. Research across the College continues to be impactful, from ground-breaking work developing weather and climate services using AI and data science, to innovative and sustainable solutions to decarbonisation.&hellip;<\/div>\r\n\t\t\t\t\r\n\t\t\t<\/div>\r\n\t\t\t<\/div>[\/vc_column][vc_column width=&#8221;1\/4&#8243; el_class=&#8221;small-screen-center mobile-padding-top small-flex-order-3&#8243; css=&#8221;.vc_custom_1567716523636{padding-top: 0px !important;}&#8221;][vc_column_text css=&#8221;.vc_custom_1565690108288{margin-bottom: 14px !important;}&#8221;]<\/p>\n<h2 class=\"no-margin\">Trending<\/h2>\n<p>[\/vc_column_text]\r\n\t\t<div class=\"ucd_featured\">\r\n\t\t\t<a href=\"\/magazine\/2020\/20-green-ideas-from-ucd\/\" ><figure><img loading=\"lazy\" decoding=\"async\" src=\"https:\/\/alumni.ucd.ie\/magazine\/wp-content\/loading.gif\" class=\"lazy\" data-src=\"https:\/\/alumni.ucd.ie\/magazine\/wp-content\/uploads\/2020\/09\/2-262x165.jpg\" width=\"278\" height=\"175\"\/><\/figure><\/a>\r\n\t\t\t<h3 class=\"color-green\"><a href=\"\/magazine\/2020\/20-green-ideas-from-ucd\/\" class=\"color-green\" >20 Green Ideas From UCD<\/a><\/h3>\r\n\r\n\t\t\t<div class=\"ucd_featured_content\">How UCD leads the field in sustainability research.<\/div>\r\n\t\t<\/div>\r\n\t\t\r\n\t\t<div class=\"ucd_featured\">\r\n\t\t\t<a href=\"\/magazine\/2020\/in-her-own-words\/\" ><figure><img loading=\"lazy\" decoding=\"async\" src=\"https:\/\/alumni.ucd.ie\/magazine\/wp-content\/loading.gif\" class=\"lazy\" data-src=\"https:\/\/alumni.ucd.ie\/magazine\/wp-content\/uploads\/2020\/09\/HAZEL-CHU-262x165.jpg\" width=\"278\" height=\"175\"\/><\/figure><\/a>\r\n\t\t\t<h3 class=\"color-blue\"><a href=\"\/magazine\/2020\/in-her-own-words\/\" class=\"color-blue\" >In her Own Words<\/a><\/h3>\r\n\r\n\t\t\t<div class=\"ucd_featured_content\">UCD alumna Hazel Chu, Dublin\u2019s first Mayor of colour, has a vision for an inclusive city that stands up for all of it residents.<\/div>\r\n\t\t<\/div>\r\n\t\t[\/vc_column][\/vc_row][vc_row equal_height=&#8221;yes&#8221; content_placement=&#8221;top&#8221; css=&#8221;.vc_custom_1565691542838{margin-bottom: 30px !important;border-bottom-width: 0px !important;padding-bottom: 30px !important;border-bottom-style: solid !important;}&#8221;][vc_column width=&#8221;1\/4&#8243; el_class=&#8221;small-screen-center mobile-padding-top&#8221; css=&#8221;.vc_custom_1567694480295{padding-top: 5px !important;}&#8221;][vc_column_text css=&#8221;.vc_custom_1565690958046{margin-bottom: 14px !important;}&#8221;]<\/p>\n<h2 class=\"no-margin\">Magazine<\/h2>\n<p>[\/vc_column_text]\r\n\t\t\t\t<aside>\r\n\t\t\t\t\t<figure>\r\n\t\t\t\t\t\t<a href=\"https:\/\/edition.pagesuite-professional.co.uk\/html5\/reader\/production\/default.aspx?pubname=&edid=344ccaf9-da16-4b3e-ac9d-5d47dc7a38fb\" target=\"_blank\" title=\"View Latest Issue\"><img decoding=\"async\" src=\"loading.gif\" data-src=\"https:\/\/alumni.ucd.ie\/magazine\/wp-content\/uploads\/2020\/09\/UCD-Magazine-2020.jpg\" class=\"lazy\" width=\"262\"\/><\/a>\r\n\t\t\t\t\t<\/figure>\r\n\t\t\t<div class=\"text-center\" style=\"margin-top:12px\"><a href=\"https:\/\/edition.pagesuite-professional.co.uk\/html5\/reader\/production\/default.aspx?pubname=&edid=344ccaf9-da16-4b3e-ac9d-5d47dc7a38fb\" target=\"_blank\" title=\"View Latest Issue\" class=\"read-more\">View Issue<\/a> <a href=\"https:\/\/alumni.ucd.ie\/magazine-archive\/\" target=\"_blank\" title=\"View UCD Magazine Archive\" class=\"read-more alt icon-archive\">Archive<\/a>\r\n\t\t\t\t\r\n\t\t\t<\/div><\/aside>[vc_separator color=&#8221;white&#8221;][vc_column_text]<\/p>\n<p style=\"text-align: center;\"><a class=\"read-more\" href=\"https:\/\/alumni.ucd.ie\/magazine\/submit-a-class-note\/\">Submit Class Note<\/a><\/p>\n<p>[\/vc_column_text][\/vc_column][vc_column width=&#8221;1\/2&#8243; el_class=&#8221;lg-middle-borders mobile-padding-top&#8221; css=&#8221;.vc_custom_1567694488521{padding-top: 5px !important;}&#8221;][vc_column_text css=&#8221;.vc_custom_1565691498746{margin-bottom: 14px !important;}&#8221;]<\/p>\n<h2 class=\"no-margin\" style=\"text-align: center;\">Must Read<\/h2>\n<p>[\/vc_column_text]<div class=\"ucd-must-read\"><div class=\"row\">\r\n\t\t\t\t\t<div class=\"col-12 text-center\">\r\n\t\t\t\t\t\t<h3 class=\"ucd-must-read-item\"><a href=\"https:\/\/alumni.ucd.ie\/magazine\/2025\/colaiste-na-neolaiochtai-talamhaiochta-agus-slainte-college-of-health-and-agricultural-sciences\/\" >COL\u00c1ISTE NA nEOLA\u00cdOCHTA\u00cd TALAMHA\u00cdOCHTA AGUS SL\u00c1INTE \/ College of Health and Agricultural Sciences<\/a><\/h3>\r\n\t\t\t\t\t\t<div class=\"post-content\">UCD is unique among third-level universities in Ireland in having its own teaching and research farm&hellip;<\/div>\r\n\t\t\t\t\t<\/div>\r\n\t\t\t\t\r\n\t\t\t\t\t<div class=\"col-12 text-center\">\r\n\t\t\t\t\t\t<h3 class=\"ucd-must-read-item\"><a href=\"https:\/\/alumni.ucd.ie\/magazine\/2025\/colaiste-na-hinnealtoireachtaagus-na-hailtireachta-college-of-engineering-and-architecture\/\" >COL\u00c1ISTE NA hINNEALT\u00d3IREACHTA AGUS NA hAILTIREACHTA \/ College of Engineering and Architecture<\/a><\/h3>\r\n\t\t\t\t\t\t<div class=\"post-content\">It has been a successful and exciting year for the College of Engineering and Architecture. We&hellip;<\/div>\r\n\t\t\t\t\t<\/div>\r\n\t\t\t\t<\/div><div class=\"row\">\r\n\t\t\t\t\t<div class=\"col-12 text-center\">\r\n\t\t\t\t\t\t<h3 class=\"ucd-must-read-item\"><a href=\"https:\/\/alumni.ucd.ie\/magazine\/2025\/colaiste-na-nealaion-agus-nandaonnachtai-college-of-arts-and-humanities\/\" >COL\u00c1ISTE NA nEALA\u00cdON AGUS NA nDAONNACHTA\u00cd \/ College of Arts and Humanities<\/a><\/h3>\r\n\t\t\t\t\t\t<div class=\"post-content\">UCD College of Arts &amp; Humanities alumni, partners and friends gathered at the Irish Arts Center&hellip;<\/div>\r\n\t\t\t\t\t<\/div>\r\n\t\t\t\t\r\n\t\t\t\t\t<div class=\"col-12 text-center\">\r\n\t\t\t\t\t\t<h3 class=\"ucd-must-read-item\"><a href=\"https:\/\/alumni.ucd.ie\/magazine\/2025\/colaiste-gno-college-of-business\/\" >COL\u00c1ISTE GN\u00d3 \/ College of Business<\/a><\/h3>\r\n\t\t\t\t\t\t<div class=\"post-content\">As Business Schools navigate a rapidly evolving landscape, they are presented with a powerful opportunity to&hellip;<\/div>\r\n\t\t\t\t\t<\/div>\r\n\t\t\t\t<\/div><div class=\"row\">\r\n\t\t\t\t\t<div class=\"col-12 text-center\">\r\n\t\t\t\t\t\t<h3 class=\"ucd-must-read-item\"><a href=\"https:\/\/alumni.ucd.ie\/magazine\/2025\/cothrom-na-feinne-in-action\/\" >COTHROM NA F\u00c9INNE IN ACTION<\/a><\/h3>\r\n\t\t\t\t\t\t<div class=\"post-content\">This is an exciting time of year for students preparing to start their UCD journey. They&hellip;<\/div>\r\n\t\t\t\t\t<\/div>\r\n\t\t\t\t\r\n\t\t\t\t\t<div class=\"col-12 text-center\">\r\n\t\t\t\t\t\t<h3 class=\"ucd-must-read-item\"><a href=\"https:\/\/alumni.ucd.ie\/magazine\/2025\/a-lasting-impact\/\" >A lasting impact<\/a><\/h3>\r\n\t\t\t\t\t\t<div class=\"post-content\">Juliana Carton As the country\u2019s largest and most influential university, UCD makes a huge contribution to&hellip;<\/div>\r\n\t\t\t\t\t<\/div>\r\n\t\t\t\t<\/div><div class=\"row\">\r\n\t\t\t\t\t<div class=\"col-12 text-center\">\r\n\t\t\t\t\t\t<h3 class=\"ucd-must-read-item\"><a href=\"https:\/\/alumni.ucd.ie\/magazine\/2025\/ai-powering-new-discoveries\/\" >AI: Powering New Discoveries<\/a><\/h3>\r\n\t\t\t\t\t\t<div class=\"post-content\">UCD is Ireland\u2019s leader in AI and computational sciences, at the forefront of national capabilities. We look at seven applications that harness the power of this transformational technology.<\/div>\r\n\t\t\t\t\t<\/div>\r\n\t\t\t\t<\/div><\/div>[\/vc_column][vc_column width=&#8221;1\/4&#8243; el_class=&#8221;small-screen-center mobile-padding-top&#8221; css=&#8221;.vc_custom_1567694484826{padding-top: 5px !important;}&#8221;][vc_column_text css=&#8221;.vc_custom_1615203682653{margin-bottom: 14px !important;}&#8221;]<\/p>\n<h2 class=\"no-margin\">Listen<\/h2>\n<p>(podcasts coming soon)[\/vc_column_text][\/vc_column][\/vc_row]<\/p>\n<\/div>","protected":false},"excerpt":{"rendered":"<p>[vc_row equal_height=&#8221;yes&#8221; css=&#8221;.vc_custom_1567630537217{margin-bottom: 30px !important;border-bottom-width: 1px !important;padding-bottom: 30px !important;border-bottom-color: #dfdfdf !important;border-bottom-style: solid !important;}&#8221;][vc_column width=&#8221;1\/4&#8243; el_class=&#8221;small-screen-center small-flex-order-2 mobile-padding-top&#8221; css=&#8221;.vc_custom_1567718709045{padding-top: 0px !important;}&#8221;][vc_column_text css=&#8221;.vc_custom_1565690103519{margin-bottom: 14px !important;}&#8221;] Featured [\/vc_column_text][\/vc_column][vc_column width=&#8221;1\/2&#8243; el_class=&#8221;lg-middle-borders small-flex-order-1&#8243; css=&#8221;.vc_custom_1567718697692{padding-top: 0px !important;}&#8221;][\/vc_column][vc_column width=&#8221;1\/4&#8243; el_class=&#8221;small-screen-center mobile-padding-top small-flex-order-3&#8243; css=&#8221;.vc_custom_1567716523636{padding-top: 0px !important;}&#8221;][vc_column_text css=&#8221;.vc_custom_1565690108288{margin-bottom: 14px !important;}&#8221;] Trending [\/vc_column_text][\/vc_column][\/vc_row][vc_row equal_height=&#8221;yes&#8221; content_placement=&#8221;top&#8221; css=&#8221;.vc_custom_1565691542838{margin-bottom: 30px !important;border-bottom-width: 0px !important;padding-bottom: 30px !important;border-bottom-style: solid !important;}&#8221;][vc_column width=&#8221;1\/4&#8243;&#8230;<\/p>\n","protected":false},"author":1,"featured_media":0,"parent":0,"menu_order":0,"comment_status":"closed","ping_status":"closed","template":"","meta":{"_acf_changed":false,"footnotes":""},"class_list":["post-2","page","type-page","status-publish","hentry"],"acf":[],"yoast_head":"<!-- This site is optimized with the Yoast SEO plugin v23.3 - https:\/\/yoast.com\/wordpress\/plugins\/seo\/ -->\n<title>Home 2020 - UCD Connections<\/title>\n<meta name=\"robots\" content=\"index, follow, max-snippet:-1, max-image-preview:large, max-video-preview:-1\" \/>\n<link rel=\"canonical\" href=\"https:\/\/alumni.ucd.ie\/magazine\/home-2020\/\" \/>\n<meta property=\"og:locale\" content=\"en_GB\" \/>\n<meta property=\"og:type\" content=\"article\" \/>\n<meta property=\"og:title\" content=\"Home 2020 - UCD Connections\" \/>\n<meta property=\"og:description\" content=\"[vc_row equal_height=&#8221;yes&#8221; css=&#8221;.vc_custom_1567630537217{margin-bottom: 30px !important;border-bottom-width: 1px !important;padding-bottom: 30px !important;border-bottom-color: #dfdfdf !important;border-bottom-style: solid !important;}&#8221;][vc_column width=&#8221;1\/4&#8243; el_class=&#8221;small-screen-center small-flex-order-2 mobile-padding-top&#8221; css=&#8221;.vc_custom_1567718709045{padding-top: 0px !important;}&#8221;][vc_column_text css=&#8221;.vc_custom_1565690103519{margin-bottom: 14px !important;}&#8221;] Featured [\/vc_column_text][\/vc_column][vc_column width=&#8221;1\/2&#8243; el_class=&#8221;lg-middle-borders small-flex-order-1&#8243; css=&#8221;.vc_custom_1567718697692{padding-top: 0px !important;}&#8221;][\/vc_column][vc_column width=&#8221;1\/4&#8243; el_class=&#8221;small-screen-center mobile-padding-top small-flex-order-3&#8243; css=&#8221;.vc_custom_1567716523636{padding-top: 0px !important;}&#8221;][vc_column_text css=&#8221;.vc_custom_1565690108288{margin-bottom: 14px !important;}&#8221;] Trending [\/vc_column_text][\/vc_column][\/vc_row][vc_row equal_height=&#8221;yes&#8221; content_placement=&#8221;top&#8221; css=&#8221;.vc_custom_1565691542838{margin-bottom: 30px !important;border-bottom-width: 0px !important;padding-bottom: 30px !important;border-bottom-style: solid !important;}&#8221;][vc_column width=&#8221;1\/4&#8243;...\" \/>\n<meta property=\"og:url\" content=\"https:\/\/alumni.ucd.ie\/magazine\/home-2020\/\" \/>\n<meta property=\"og:site_name\" content=\"UCD Connections\" \/>\n<meta property=\"article:publisher\" content=\"http:\/\/www.facebook.com\/UCD.Alumni\" \/>\n<meta property=\"article:modified_time\" content=\"2021-09-14T20:59:06+00:00\" \/>\n<meta name=\"twitter:card\" content=\"summary_large_image\" \/>\n<meta name=\"twitter:label1\" content=\"Estimated reading time\" \/>\n\t<meta name=\"twitter:data1\" content=\"1 minute\" \/>\n<script type=\"application\/ld+json\" class=\"yoast-schema-graph\">{\"@context\":\"https:\/\/schema.org\",\"@graph\":[{\"@type\":\"WebPage\",\"@id\":\"https:\/\/alumni.ucd.ie\/magazine\/home-2020\/\",\"url\":\"https:\/\/alumni.ucd.ie\/magazine\/home-2020\/\",\"name\":\"Home 2020 - UCD Connections\",\"isPartOf\":{\"@id\":\"https:\/\/alumni.ucd.ie\/magazine\/#website\"},\"datePublished\":\"2019-07-29T13:16:31+00:00\",\"dateModified\":\"2021-09-14T20:59:06+00:00\",\"breadcrumb\":{\"@id\":\"https:\/\/alumni.ucd.ie\/magazine\/home-2020\/#breadcrumb\"},\"inLanguage\":\"en-GB\",\"potentialAction\":[{\"@type\":\"ReadAction\",\"target\":[\"https:\/\/alumni.ucd.ie\/magazine\/home-2020\/\"]}]},{\"@type\":\"BreadcrumbList\",\"@id\":\"https:\/\/alumni.ucd.ie\/magazine\/home-2020\/#breadcrumb\",\"itemListElement\":[{\"@type\":\"ListItem\",\"position\":1,\"name\":\"Home\",\"item\":\"https:\/\/alumni.ucd.ie\/magazine\/\"},{\"@type\":\"ListItem\",\"position\":2,\"name\":\"Home 2020\"}]},{\"@type\":\"WebSite\",\"@id\":\"https:\/\/alumni.ucd.ie\/magazine\/#website\",\"url\":\"https:\/\/alumni.ucd.ie\/magazine\/\",\"name\":\"UCD Connections\",\"description\":\"\",\"publisher\":{\"@id\":\"https:\/\/alumni.ucd.ie\/magazine\/#organization\"},\"potentialAction\":[{\"@type\":\"SearchAction\",\"target\":{\"@type\":\"EntryPoint\",\"urlTemplate\":\"https:\/\/alumni.ucd.ie\/magazine\/?s={search_term_string}\"},\"query-input\":\"required name=search_term_string\"}],\"inLanguage\":\"en-GB\"},{\"@type\":\"Organization\",\"@id\":\"https:\/\/alumni.ucd.ie\/magazine\/#organization\",\"name\":\"UCD Connections - Alumni Magazine\",\"url\":\"https:\/\/alumni.ucd.ie\/magazine\/\",\"logo\":{\"@type\":\"ImageObject\",\"inLanguage\":\"en-GB\",\"@id\":\"https:\/\/alumni.ucd.ie\/magazine\/#\/schema\/logo\/image\/\",\"url\":\"https:\/\/alumni.ucd.ie\/magazine\/wp-content\/uploads\/2019\/07\/UCD-Connections-logo.jpg\",\"contentUrl\":\"https:\/\/alumni.ucd.ie\/magazine\/wp-content\/uploads\/2019\/07\/UCD-Connections-logo.jpg\",\"width\":312,\"height\":149,\"caption\":\"UCD Connections - Alumni Magazine\"},\"image\":{\"@id\":\"https:\/\/alumni.ucd.ie\/magazine\/#\/schema\/logo\/image\/\"},\"sameAs\":[\"http:\/\/www.facebook.com\/UCD.Alumni\",\"https:\/\/www.instagram.com\/ucdalumni\/\",\"https:\/\/www.linkedin.com\/in\/ucdalumni\",\"http:\/\/www.youtube.com\/user\/UCDAlumni1\"]}]}<\/script>\n<!-- \/ Yoast SEO plugin. -->","yoast_head_json":{"title":"Home 2020 - UCD Connections","robots":{"index":"index","follow":"follow","max-snippet":"max-snippet:-1","max-image-preview":"max-image-preview:large","max-video-preview":"max-video-preview:-1"},"canonical":"https:\/\/alumni.ucd.ie\/magazine\/home-2020\/","og_locale":"en_GB","og_type":"article","og_title":"Home 2020 - UCD Connections","og_description":"[vc_row equal_height=&#8221;yes&#8221; css=&#8221;.vc_custom_1567630537217{margin-bottom: 30px !important;border-bottom-width: 1px !important;padding-bottom: 30px !important;border-bottom-color: #dfdfdf !important;border-bottom-style: solid !important;}&#8221;][vc_column width=&#8221;1\/4&#8243; el_class=&#8221;small-screen-center small-flex-order-2 mobile-padding-top&#8221; css=&#8221;.vc_custom_1567718709045{padding-top: 0px !important;}&#8221;][vc_column_text css=&#8221;.vc_custom_1565690103519{margin-bottom: 14px !important;}&#8221;] Featured [\/vc_column_text][\/vc_column][vc_column width=&#8221;1\/2&#8243; el_class=&#8221;lg-middle-borders small-flex-order-1&#8243; css=&#8221;.vc_custom_1567718697692{padding-top: 0px !important;}&#8221;][\/vc_column][vc_column width=&#8221;1\/4&#8243; el_class=&#8221;small-screen-center mobile-padding-top small-flex-order-3&#8243; css=&#8221;.vc_custom_1567716523636{padding-top: 0px !important;}&#8221;][vc_column_text css=&#8221;.vc_custom_1565690108288{margin-bottom: 14px !important;}&#8221;] Trending [\/vc_column_text][\/vc_column][\/vc_row][vc_row equal_height=&#8221;yes&#8221; content_placement=&#8221;top&#8221; css=&#8221;.vc_custom_1565691542838{margin-bottom: 30px !important;border-bottom-width: 0px !important;padding-bottom: 30px !important;border-bottom-style: solid !important;}&#8221;][vc_column width=&#8221;1\/4&#8243;...","og_url":"https:\/\/alumni.ucd.ie\/magazine\/home-2020\/","og_site_name":"UCD Connections","article_publisher":"http:\/\/www.facebook.com\/UCD.Alumni","article_modified_time":"2021-09-14T20:59:06+00:00","twitter_card":"summary_large_image","twitter_misc":{"Estimated reading time":"1 minute"},"schema":{"@context":"https:\/\/schema.org","@graph":[{"@type":"WebPage","@id":"https:\/\/alumni.ucd.ie\/magazine\/home-2020\/","url":"https:\/\/alumni.ucd.ie\/magazine\/home-2020\/","name":"Home 2020 - UCD Connections","isPartOf":{"@id":"https:\/\/alumni.ucd.ie\/magazine\/#website"},"datePublished":"2019-07-29T13:16:31+00:00","dateModified":"2021-09-14T20:59:06+00:00","breadcrumb":{"@id":"https:\/\/alumni.ucd.ie\/magazine\/home-2020\/#breadcrumb"},"inLanguage":"en-GB","potentialAction":[{"@type":"ReadAction","target":["https:\/\/alumni.ucd.ie\/magazine\/home-2020\/"]}]},{"@type":"BreadcrumbList","@id":"https:\/\/alumni.ucd.ie\/magazine\/home-2020\/#breadcrumb","itemListElement":[{"@type":"ListItem","position":1,"name":"Home","item":"https:\/\/alumni.ucd.ie\/magazine\/"},{"@type":"ListItem","position":2,"name":"Home 2020"}]},{"@type":"WebSite","@id":"https:\/\/alumni.ucd.ie\/magazine\/#website","url":"https:\/\/alumni.ucd.ie\/magazine\/","name":"UCD Connections","description":"","publisher":{"@id":"https:\/\/alumni.ucd.ie\/magazine\/#organization"},"potentialAction":[{"@type":"SearchAction","target":{"@type":"EntryPoint","urlTemplate":"https:\/\/alumni.ucd.ie\/magazine\/?s={search_term_string}"},"query-input":"required name=search_term_string"}],"inLanguage":"en-GB"},{"@type":"Organization","@id":"https:\/\/alumni.ucd.ie\/magazine\/#organization","name":"UCD Connections - Alumni Magazine","url":"https:\/\/alumni.ucd.ie\/magazine\/","logo":{"@type":"ImageObject","inLanguage":"en-GB","@id":"https:\/\/alumni.ucd.ie\/magazine\/#\/schema\/logo\/image\/","url":"https:\/\/alumni.ucd.ie\/magazine\/wp-content\/uploads\/2019\/07\/UCD-Connections-logo.jpg","contentUrl":"https:\/\/alumni.ucd.ie\/magazine\/wp-content\/uploads\/2019\/07\/UCD-Connections-logo.jpg","width":312,"height":149,"caption":"UCD Connections - Alumni Magazine"},"image":{"@id":"https:\/\/alumni.ucd.ie\/magazine\/#\/schema\/logo\/image\/"},"sameAs":["http:\/\/www.facebook.com\/UCD.Alumni","https:\/\/www.instagram.com\/ucdalumni\/","https:\/\/www.linkedin.com\/in\/ucdalumni","http:\/\/www.youtube.com\/user\/UCDAlumni1"]}]}},"_links":{"self":[{"href":"https:\/\/alumni.ucd.ie\/magazine\/wp-json\/wp\/v2\/pages\/2"}],"collection":[{"href":"https:\/\/alumni.ucd.ie\/magazine\/wp-json\/wp\/v2\/pages"}],"about":[{"href":"https:\/\/alumni.ucd.ie\/magazine\/wp-json\/wp\/v2\/types\/page"}],"author":[{"embeddable":true,"href":"https:\/\/alumni.ucd.ie\/magazine\/wp-json\/wp\/v2\/users\/1"}],"replies":[{"embeddable":true,"href":"https:\/\/alumni.ucd.ie\/magazine\/wp-json\/wp\/v2\/comments?post=2"}],"version-history":[{"count":92,"href":"https:\/\/alumni.ucd.ie\/magazine\/wp-json\/wp\/v2\/pages\/2\/revisions"}],"predecessor-version":[{"id":4629,"href":"https:\/\/alumni.ucd.ie\/magazine\/wp-json\/wp\/v2\/pages\/2\/revisions\/4629"}],"wp:attachment":[{"href":"https:\/\/alumni.ucd.ie\/magazine\/wp-json\/wp\/v2\/media?parent=2"}],"curies":[{"name":"wp","href":"https:\/\/api.w.org\/{rel}","templated":true}]}}